{"id":8,"date":"2025-07-29T14:57:09","date_gmt":"2025-07-29T14:57:09","guid":{"rendered":"http:\/\/mct.sitenostudio.com\/?page_id=2"},"modified":"2025-09-28T23:33:58","modified_gmt":"2025-09-28T21:33:58","slug":"a-propos","status":"publish","type":"page","link":"http:\/\/www.mct-materiaux.fr\/a-propos\/","title":{"rendered":"\u00c0 propos"},"content":{"rendered":"<section class=\"imagem-e-texto \">\n    <div class=\"container mx-auto md:px-8 px-5 pt-44 pb-20 gap-20 flex flex-col\">\n        <div class=\"lg:w-1\/2 mx-auto flex flex-col items-center text-center gap-5\" data-aos=\"fade-up\" data-aos-duration=\"2000\">\n            <h1 class=\"tag text-[--c_233983]\">\u00e0 propos de MCT<\/h1>\n            <h2>Votre expert du b\u00e2timent depuis plus de 40 ans<\/h2>\n        <\/div>\n        <div class=\"lg:w-5\/6 w-full mx-auto flex flex-col gap-20\" data-aos=\"fade-up\" data-aos-duration=\"2000\">\n            <img decoding=\"async\" class=\"rounded-2xl\" src=\"https:\/\/mct.sitenostudio.com\/wp-content\/uploads\/2025\/09\/IMG-20250703-WA0020.jpg\" title=\"IMG-20250703-WA0020\"  alt=\"\" \/>\n            <div class=\"text\">\n                <h3>Entreprise ind\u00e9pendante forte de plus de 40 ans d\u2019exp\u00e9rience, MCT est sp\u00e9cialis\u00e9e dans la distribution de mat\u00e9riaux de construction.<\/h3>\n<p>&nbsp;<\/p>\n<p>Notre mission : accompagner chaque projet avec r\u00e9activit\u00e9, exigence et proximit\u00e9. Nous mettons tout en \u0153uvre pour offrir \u00e0 nos clients un service complet, personnalis\u00e9 et performant, bas\u00e9 sur des engagements concrets :<\/p>\n<ul>\n<li>Des <strong>\u00e9quipes expertes<\/strong>, form\u00e9es pour conseiller efficacement tous les m\u00e9tiers du b\u00e2timent.<\/li>\n<li>Un <strong>large stock de produits certifi\u00e9s<\/strong> (NF, CE, PEFC, etc.), disponibles rapidement.<\/li>\n<li>Une logistique optimis\u00e9e, pour des <strong>livraisons rapides et fiables<\/strong> sur vos chantiers.<\/li>\n<li>Des <strong>services sur mesure<\/strong>.<\/li>\n<li>Des tarifs comp\u00e9titifs, n\u00e9goci\u00e9s aupr\u00e8s de nos partenaires industriels pour vous garantir le <strong>meilleur rapport qualit\u00e9-prix<\/strong>.<\/li>\n<\/ul>\n<p>Chez MCT, nous sommes bien plus qu\u2019un fournisseur : nous sommes votre partenaire chantier.<\/p>            <\/div>\n        <\/div>\n    <\/div>\n<\/section>\n\n\n<section class=\"text-with-items rounded-2xl bg-[--c_000025] \">\n    <div class=\"container mx-auto md:px-8 px-5 py-28\">\n        <div class=\"lg:w-5\/6 w-full mx-auto flex flex-col md:flex-row gap-20 text-white\">\n            <div class=\"md:w-1\/2 flex flex-col gap-5 justify-center items-start\" data-aos=\"fade-up\" data-aos-duration=\"2000\">\n                <h2 class=\"tag text-[--c_FF5800]\">M\u00e9c\u00e9nat<\/h2>\n                <h3>MCT, acteur engag\u00e9 localement<\/h3>\n                <div class=\"text\">\n                    <p>L\u2019engagement fait parti de l\u2019ADN de MCT, c\u2019est pour cela que nous nous engageons et soutenons au quotidien des clubs sportifs et des associations:\u00a0<\/p>\n<ul>\n<li>Le club de football de PARIS ATLETICO depuis 2021<\/li>\n<li>Le club de Hanball de Noisiel, cat\u00e9gorie fille<\/li>\n<li>L\u2019association de football Franco-Portugaise de VILLIERS FC<\/li>\n<li>Le camion social de la Ville de Chennevieres Sur Marne permettant l\u2019apport de repas aux personnes \u00e2g\u00e9es et \u00e0 mobilit\u00e9 r\u00e9duite\u00a0\u00a0<\/li>\n<\/ul>                <\/div>\n                            <\/div>\n            <div class=\"md:w-1\/2\" data-aos=\"fade-up\" data-aos-duration=\"2000\">\n                <img decoding=\"async\" class=\"w-full\" src=\"https:\/\/mct.sitenostudio.com\/wp-content\/uploads\/2025\/09\/gallery-about-sponsor.png\" title=\"gallery-about-sponsor\"  alt=\"\" \/>\n            <\/div>            \n        <\/div> \n    <\/div>\n<\/section>\n<script>\n    (function($) {\n        $(document).ready(function(){\n            if (typeof AOS !== 'undefined') {\n                AOS.init({\n                    duration: 800,\n                    once: true\n                });\n            }\n        });\n    })(jQuery);\n<\/script>\n\n<section class=\"services \">\n    <div class=\"container mx-auto md:px-8 px-5 py-28\">\n        <div class=\"lg:w-1\/2 mx-auto flex flex-col items-center text-center gap-5\" data-aos=\"fade-up\" data-aos-duration=\"2000\">\n                        <h2 class=\"tag text-[--c_233983]\">Notre expertise<\/h2>\n            <h3 class=\"home\">Le succ\u00e8s d\u2019un chantier d\u00e9pend principalement du mat\u00e9riel s\u00e9lectionn\u00e9. D\u00e9couvrez notre catalogue de services et produits sp\u00e9cialis\u00e9s.<\/h3>\n                    <\/div>\n        <div class=\"xl:w-5\/6 grid w-full mx-auto gap-5 grid-cols-2 py-10 md:grid-cols-4 \" data-aos=\"fade-up\" data-aos-duration=\"2000\">\n                            <div class=\"rounded-2xl flex-shrink-0 border border-[--c_E3E5EF] relative box-services overflow-hidden\">\n                    <img decoding=\"async\" class=\"object-cover h-full w-full\" src=\"http:\/\/mct.sitenostudio.com\/wp-content\/uploads\/2025\/09\/photo-1582540730843-f4418d96ccbe-1-1.png\" alt=\"MCT - Mat\u00e9riaux de construction - Ma\u00e7onnerie,\u00a0 Gros-oeuvre\">\n                    <div class=\"absolute bottom-0 w-full bg-transp\">\n                        <div class=\"relative\">\n                                                    \n                            <h3 class=\" p-5 text-white  text-center \">Ma\u00e7onnerie,\u00a0 <br>Gros-oeuvre<\/h3>\n                        <\/div>\n                    <\/div>\n                <\/div>\n                            <div class=\"rounded-2xl flex-shrink-0 border border-[--c_E3E5EF] relative box-services overflow-hidden\">\n                    <img decoding=\"async\" class=\"object-cover h-full w-full\" src=\"https:\/\/mct.sitenostudio.com\/wp-content\/uploads\/2025\/09\/photo-1582540730843-f4418d96ccbe-1-3.png\" alt=\"\">\n                    <div class=\"absolute bottom-0 w-full bg-transp\">\n                        <div class=\"relative\">\n                                                    \n                            <h3 class=\" p-5 text-white  text-center \">Charpente, Couverture\u00a0<\/h3>\n                        <\/div>\n                    <\/div>\n                <\/div>\n                            <div class=\"rounded-2xl flex-shrink-0 border border-[--c_E3E5EF] relative box-services overflow-hidden\">\n                    <img decoding=\"async\" class=\"object-cover h-full w-full\" src=\"https:\/\/mct.sitenostudio.com\/wp-content\/uploads\/2025\/09\/photo-1543525324-268116894cd9-2.png\" alt=\"\">\n                    <div class=\"absolute bottom-0 w-full bg-transp\">\n                        <div class=\"relative\">\n                                                    \n                            <h3 class=\" p-5 text-white  text-center \">R\u00e9novation \u00c9nerg\u00e9tique\u00a0<\/h3>\n                        <\/div>\n                    <\/div>\n                <\/div>\n                            <div class=\"rounded-2xl flex-shrink-0 border border-[--c_E3E5EF] relative box-services overflow-hidden\">\n                    <img decoding=\"async\" class=\"object-cover h-full w-full\" src=\"https:\/\/mct.sitenostudio.com\/wp-content\/uploads\/2025\/09\/photo-1543525324-26e03b510586-2.png\" alt=\"\">\n                    <div class=\"absolute bottom-0 w-full bg-transp\">\n                        <div class=\"relative\">\n                                                    \n                            <h3 class=\" p-5 text-white  text-center \">Pl\u00e2trerie,  Isolation<\/h3>\n                        <\/div>\n                    <\/div>\n                <\/div>\n                    <\/div>\n                    <div class=\"mx-auto flex justify-center\" data-aos=\"fade-up\" data-aos-duration=\"2000\">\n                <a class='btn btn-primary' href=\"\/services\">\n                    Nos services                    <svg xmlns=\"http:\/\/www.w3.org\/2000\/svg\" width=\"32\" height=\"32\" viewBox=\"0 0 32 32\" fill=\"none\">\n                    <path opacity=\"0.3\" d=\"M16 0C7.16344 0 0 7.16344 0 16C0 24.8366 7.16344 32 16 32C24.8366 32 32 24.8366 32 16C32 7.16344 24.8366 0 16 0Z\" fill=\"white\"\/>\n                    <path d=\"M12 9L20 16.1097L12 23\" stroke=\"currentColor\" stroke-width=\"2\"\/>\n                    <\/svg>\n                <\/a>\n            <\/div>\n            <\/div>\n<\/section>\n\n\n<section class=\"cta-to-page panel \"  data-color=\"white\">\n\n    <div class=\"container mx-auto md:px-8 px-5 relative pb-28\" data-aos=\"fade-up\" data-aos-duration=\"2000\">\n        <div class=\"xl:w-5\/6 w-full mx-auto relative text-white\">\n                        <img decoding=\"async\" src=\"https:\/\/mct.sitenostudio.com\/wp-content\/uploads\/2025\/09\/contacts.jpg\" class=\"absolute object-cover w-full h-full rounded-2xl\" alt=\"\">\n                        <div class=\"flex flex-col md:flex-row md:gap-10 md:p-28 p-10 z-10 h-full relative\">\n                <div class=\"md:w-1\/2 flex flex-col gap-5 justify-center items-start\">\n                    <h2 class=\"tag text-[--c_FF5800]\">starmat<\/h2>\n                    <div class=\"flex flex-col gap-2\">\n                        <h3>MCT est affili\u00e9 et membre fondateur du\u00a0groupe STARMAT<\/h3>\n                                                <div class=\"text\">\n                            <p>STARMAT est n\u00e9 dans les ann\u00e9es 1980 du regroupement de n\u00e9gociants franciliens afin d\u2019am\u00e9liorer les approvisionnements logistiques et les achats pour mieux servir leurs clients.<\/p>                        <\/div>\n                                            <\/div>\n                                        <div>\n                        <a class='btn btn-secondary-blue' href=\"https:\/\/www.starmat.fr\/engagements\" target=\"_blank\">\n                            En savoir plus                            <svg xmlns=\"http:\/\/www.w3.org\/2000\/svg\" width=\"32\" height=\"32\" viewBox=\"0 0 32 32\" fill=\"none\">\n                            <path opacity=\"0.3\" d=\"M16 0C7.16344 0 0 7.16344 0 16C0 24.8366 7.16344 32 16 32C24.8366 32 32 24.8366 32 16C32 7.16344 24.8366 0 16 0Z\" fill=\"white\"\/>\n                            <path d=\"M12 9L20 16.1097L12 23\" stroke=\"currentColor\" stroke-width=\"2\"\/>\n                            <\/svg>\n                        <\/a>\n                    <\/div>\n                                    <\/div>    \n                <div class=\"md:w-1\/2\"><\/div>  \n            <\/div>\n                 \n        <\/div> \n    <\/div>\n<\/section>","protected":false},"excerpt":{"rendered":"","protected":false},"author":1,"featured_media":0,"parent":0,"menu_order":0,"comment_status":"closed","ping_status":"open","template":"","meta":{"_acf_changed":false,"footnotes":""},"class_list":["post-8","page","type-page","status-publish","hentry"],"acf":[],"yoast_head":"<!-- This site is optimized with the Yoast SEO plugin v27.4 - https:\/\/yoast.com\/product\/yoast-seo-wordpress\/ -->\n<title>\u00c0 propos - WordPress IDF<\/title>\n<meta name=\"description\" content=\"Partenaire de vos chantiers en \u00cele-de-France depuis 40 ans : mat\u00e9riaux certifi\u00e9s, stock disponible, livraison rapide et services sur mesure.\" \/>\n<meta name=\"robots\" content=\"index, follow, max-snippet:-1, max-image-preview:large, max-video-preview:-1\" \/>\n<link rel=\"canonical\" href=\"http:\/\/www.mct-materiaux.fr\/a-propos\/\" \/>\n<meta property=\"og:locale\" content=\"fr_FR\" \/>\n<meta property=\"og:type\" content=\"article\" \/>\n<meta property=\"og:title\" content=\"\u00c0 propos - WordPress IDF\" \/>\n<meta property=\"og:description\" content=\"Partenaire de vos chantiers en \u00cele-de-France depuis 40 ans : mat\u00e9riaux certifi\u00e9s, stock disponible, livraison rapide et services sur mesure.\" \/>\n<meta property=\"og:url\" content=\"http:\/\/www.mct-materiaux.fr\/a-propos\/\" \/>\n<meta property=\"og:site_name\" content=\"WordPress\" \/>\n<meta property=\"article:modified_time\" content=\"2025-09-28T21:33:58+00:00\" \/>\n<meta name=\"twitter:card\" content=\"summary_large_image\" \/>\n<script type=\"application\/ld+json\" class=\"yoast-schema-graph\">{\"@context\":\"https:\\\/\\\/schema.org\",\"@graph\":[{\"@type\":\"WebPage\",\"@id\":\"http:\\\/\\\/www.mct-materiaux.fr\\\/a-propos\\\/\",\"url\":\"http:\\\/\\\/www.mct-materiaux.fr\\\/a-propos\\\/\",\"name\":\"\u00c0 propos - WordPress IDF\",\"isPartOf\":{\"@id\":\"http:\\\/\\\/www.mct-materiaux.fr\\\/#website\"},\"datePublished\":\"2025-07-29T14:57:09+00:00\",\"dateModified\":\"2025-09-28T21:33:58+00:00\",\"description\":\"Partenaire de vos chantiers en \u00cele-de-France depuis 40 ans : mat\u00e9riaux certifi\u00e9s, stock disponible, livraison rapide et services sur mesure.\",\"breadcrumb\":{\"@id\":\"http:\\\/\\\/www.mct-materiaux.fr\\\/a-propos\\\/#breadcrumb\"},\"inLanguage\":\"fr-FR\",\"potentialAction\":[{\"@type\":\"ReadAction\",\"target\":[\"http:\\\/\\\/www.mct-materiaux.fr\\\/a-propos\\\/\"]}]},{\"@type\":\"BreadcrumbList\",\"@id\":\"http:\\\/\\\/www.mct-materiaux.fr\\\/a-propos\\\/#breadcrumb\",\"itemListElement\":[{\"@type\":\"ListItem\",\"position\":1,\"name\":\"Accueil\",\"item\":\"http:\\\/\\\/www.mct-materiaux.fr\\\/\"},{\"@type\":\"ListItem\",\"position\":2,\"name\":\"\u00c0 propos\"}]},{\"@type\":\"WebSite\",\"@id\":\"http:\\\/\\\/www.mct-materiaux.fr\\\/#website\",\"url\":\"http:\\\/\\\/www.mct-materiaux.fr\\\/\",\"name\":\"WordPress\",\"description\":\"\",\"potentialAction\":[{\"@type\":\"SearchAction\",\"target\":{\"@type\":\"EntryPoint\",\"urlTemplate\":\"http:\\\/\\\/www.mct-materiaux.fr\\\/?s={search_term_string}\"},\"query-input\":{\"@type\":\"PropertyValueSpecification\",\"valueRequired\":true,\"valueName\":\"search_term_string\"}}],\"inLanguage\":\"fr-FR\"}]}<\/script>\n<!-- \/ Yoast SEO plugin. -->","yoast_head_json":{"title":"\u00c0 propos - WordPress IDF","description":"Partenaire de vos chantiers en \u00cele-de-France depuis 40 ans : mat\u00e9riaux certifi\u00e9s, stock disponible, livraison rapide et services sur mesure.","robots":{"index":"index","follow":"follow","max-snippet":"max-snippet:-1","max-image-preview":"max-image-preview:large","max-video-preview":"max-video-preview:-1"},"canonical":"http:\/\/www.mct-materiaux.fr\/a-propos\/","og_locale":"fr_FR","og_type":"article","og_title":"\u00c0 propos - WordPress IDF","og_description":"Partenaire de vos chantiers en \u00cele-de-France depuis 40 ans : mat\u00e9riaux certifi\u00e9s, stock disponible, livraison rapide et services sur mesure.","og_url":"http:\/\/www.mct-materiaux.fr\/a-propos\/","og_site_name":"WordPress","article_modified_time":"2025-09-28T21:33:58+00:00","twitter_card":"summary_large_image","schema":{"@context":"https:\/\/schema.org","@graph":[{"@type":"WebPage","@id":"http:\/\/www.mct-materiaux.fr\/a-propos\/","url":"http:\/\/www.mct-materiaux.fr\/a-propos\/","name":"\u00c0 propos - WordPress IDF","isPartOf":{"@id":"http:\/\/www.mct-materiaux.fr\/#website"},"datePublished":"2025-07-29T14:57:09+00:00","dateModified":"2025-09-28T21:33:58+00:00","description":"Partenaire de vos chantiers en \u00cele-de-France depuis 40 ans : mat\u00e9riaux certifi\u00e9s, stock disponible, livraison rapide et services sur mesure.","breadcrumb":{"@id":"http:\/\/www.mct-materiaux.fr\/a-propos\/#breadcrumb"},"inLanguage":"fr-FR","potentialAction":[{"@type":"ReadAction","target":["http:\/\/www.mct-materiaux.fr\/a-propos\/"]}]},{"@type":"BreadcrumbList","@id":"http:\/\/www.mct-materiaux.fr\/a-propos\/#breadcrumb","itemListElement":[{"@type":"ListItem","position":1,"name":"Accueil","item":"http:\/\/www.mct-materiaux.fr\/"},{"@type":"ListItem","position":2,"name":"\u00c0 propos"}]},{"@type":"WebSite","@id":"http:\/\/www.mct-materiaux.fr\/#website","url":"http:\/\/www.mct-materiaux.fr\/","name":"WordPress","description":"","potentialAction":[{"@type":"SearchAction","target":{"@type":"EntryPoint","urlTemplate":"http:\/\/www.mct-materiaux.fr\/?s={search_term_string}"},"query-input":{"@type":"PropertyValueSpecification","valueRequired":true,"valueName":"search_term_string"}}],"inLanguage":"fr-FR"}]}},"_links":{"self":[{"href":"http:\/\/www.mct-materiaux.fr\/index.php\/wp-json\/wp\/v2\/pages\/8","targetHints":{"allow":["GET"]}}],"collection":[{"href":"http:\/\/www.mct-materiaux.fr\/index.php\/wp-json\/wp\/v2\/pages"}],"about":[{"href":"http:\/\/www.mct-materiaux.fr\/index.php\/wp-json\/wp\/v2\/types\/page"}],"author":[{"embeddable":true,"href":"http:\/\/www.mct-materiaux.fr\/index.php\/wp-json\/wp\/v2\/users\/1"}],"replies":[{"embeddable":true,"href":"http:\/\/www.mct-materiaux.fr\/index.php\/wp-json\/wp\/v2\/comments?post=8"}],"version-history":[{"count":1,"href":"http:\/\/www.mct-materiaux.fr\/index.php\/wp-json\/wp\/v2\/pages\/8\/revisions"}],"predecessor-version":[{"id":84,"href":"http:\/\/www.mct-materiaux.fr\/index.php\/wp-json\/wp\/v2\/pages\/8\/revisions\/84"}],"wp:attachment":[{"href":"http:\/\/www.mct-materiaux.fr\/index.php\/wp-json\/wp\/v2\/media?parent=8"}],"curies":[{"name":"wp","href":"https:\/\/api.w.org\/{rel}","templated":true}]}}