{"id":12,"date":"2025-09-03T14:28:17","date_gmt":"2025-09-03T14:28:17","guid":{"rendered":"https:\/\/mct.sitenostudio.com\/?page_id=12"},"modified":"2025-09-03T14:28:17","modified_gmt":"2025-09-03T14:28:17","slug":"contacts","status":"publish","type":"page","link":"http:\/\/www.mct-materiaux.fr\/contacts\/","title":{"rendered":"Contacts"},"content":{"rendered":"<div class=\"contacts \">\n    <div class=\"container mx-auto md:px-8 px-5 pt-44\">\n        <div class=\"lg:w-5\/6 w-full mx-auto flex flex-col gap-5 \" data-aos=\"fade-up\" data-aos-duration=\"2000\">\n                        <h1 class=\"tag text-[--c_233983]\">Nous contacter<\/h1>\n            <h2>Venez nous rendre visite<\/h2>\n                    <\/div>\n                    <div class=\"lg:w-5\/6 w-full mx-auto flex flex-col lg:flex-row lg:gap-5 gap-10 justify-between pt-20 pb-28\" data-aos=\"fade-up\" data-aos-duration=\"2000\">\n                                <div class=\"flex flex-col gap-5\">\n                    <div class=\"flex flex-col gap-2\">\n                        <img decoding=\"async\" class=\"h-8 w-8\" src=\"https:\/\/mct.sitenostudio.com\/wp-content\/uploads\/2025\/09\/formkit_time.png\" class=\"absolute block w-full h-full\" alt=\"\">\n                        <h3>Horaires d\u2019ouverture<\/h3>\n                    <\/div>\n                    <div class=\"text\">\n                        Lundi au vendredi :  <br>7h \u00e0 12h00 | 13h30 \u00e0 18h00 <br>Samedi : <br>8h00 \u00e0 12h00\u00a0                    <\/div>\n                <\/div>\n                                <div class=\"flex flex-col gap-5\">\n                    <div class=\"flex flex-col gap-2\">\n                        <img decoding=\"async\" class=\"h-8 w-8\" src=\"https:\/\/mct.sitenostudio.com\/wp-content\/uploads\/2025\/09\/ph_chat.png\" class=\"absolute block w-full h-full\" alt=\"\">\n                        <h3>Contacts<\/h3>\n                    <\/div>\n                    <div class=\"text\">\n                        T\u00e9l. : <br><a href=\"tel:01 47 06 03 26\">01 47 06 03 26<br><\/a>Email : <br><a href=\"mailto:mctbet@mct-materiaux.fr\">mctbet@mct-materiaux.fr<\/a>                    <\/div>\n                <\/div>\n                                <div class=\"flex flex-col gap-5\">\n                    <div class=\"flex flex-col gap-2\">\n                        <img decoding=\"async\" class=\"h-8 w-8\" src=\"https:\/\/mct.sitenostudio.com\/wp-content\/uploads\/2025\/09\/mynaui_location.png\" class=\"absolute block w-full h-full\" alt=\"\">\n                        <h3>Adresse<\/h3>\n                    <\/div>\n                    <div class=\"text\">\n                        201, Rue Aristide Briand<br>94430 Chennevi\u00e8res-sur-Marne                    <\/div>\n                <\/div>\n                            <\/div>\n            <\/div>\n    <div class=\"\">\n        <div class=\"\" data-aos=\"fade-up\" data-aos-duration=\"2000\">\n            <iframe src=\"https:\/\/www.google.com\/maps\/embed?pb=!1m18!1m12!1m3!1d2627.7386475659446!2d2.5292170767971127!3d48.80596650439389!2m3!1f0!2f0!3f0!3m2!1i1024!2i768!4f13.1!3m3!1m2!1s0x47e60c2e3c041529%3A0x66dba16dc40539a1!2sM.C.T%20Mat%C3%A9riaux%20Construction!5e0!3m2!1sen!2spt!4v1756988627738!5m2!1sen!2spt\" width=\"100%\" height=\"600\" style=\"border:0;\" allowfullscreen=\"\" loading=\"lazy\" referrerpolicy=\"no-referrer-when-downgrade\"><\/iframe>        <\/div>\n    <\/div>\n    <\/div> ","protected":false},"excerpt":{"rendered":"","protected":false},"author":1,"featured_media":0,"parent":0,"menu_order":0,"comment_status":"closed","ping_status":"closed","template":"","meta":{"_acf_changed":false,"footnotes":""},"class_list":["post-12","page","type-page","status-publish","hentry"],"acf":[],"yoast_head":"<!-- This site is optimized with the Yoast SEO plugin v27.4 - https:\/\/yoast.com\/product\/yoast-seo-wordpress\/ -->\n<title>Contacts - WordPress<\/title>\n<meta name=\"description\" content=\"Contactez MCT pour vos projets de construction, r\u00e9novation et am\u00e9nagement en \u00cele-de-France. Notre \u00e9quipe est \u00e0 votre \u00e9coute.\" \/>\n<meta name=\"robots\" content=\"index, follow, max-snippet:-1, max-image-preview:large, max-video-preview:-1\" \/>\n<link rel=\"canonical\" href=\"http:\/\/www.mct-materiaux.fr\/contacts\/\" \/>\n<meta property=\"og:locale\" content=\"fr_FR\" \/>\n<meta property=\"og:type\" content=\"article\" \/>\n<meta property=\"og:title\" content=\"Contacts - WordPress\" \/>\n<meta property=\"og:description\" content=\"Contactez MCT pour vos projets de construction, r\u00e9novation et am\u00e9nagement en \u00cele-de-France. Notre \u00e9quipe est \u00e0 votre \u00e9coute.\" \/>\n<meta property=\"og:url\" content=\"http:\/\/www.mct-materiaux.fr\/contacts\/\" \/>\n<meta property=\"og:site_name\" content=\"WordPress\" \/>\n<meta name=\"twitter:card\" content=\"summary_large_image\" \/>\n<script type=\"application\/ld+json\" class=\"yoast-schema-graph\">{\"@context\":\"https:\\\/\\\/schema.org\",\"@graph\":[{\"@type\":\"WebPage\",\"@id\":\"http:\\\/\\\/www.mct-materiaux.fr\\\/contacts\\\/\",\"url\":\"http:\\\/\\\/www.mct-materiaux.fr\\\/contacts\\\/\",\"name\":\"Contacts - WordPress\",\"isPartOf\":{\"@id\":\"http:\\\/\\\/www.mct-materiaux.fr\\\/#website\"},\"datePublished\":\"2025-09-03T14:28:17+00:00\",\"description\":\"Contactez MCT pour vos projets de construction, r\u00e9novation et am\u00e9nagement en \u00cele-de-France. Notre \u00e9quipe est \u00e0 votre \u00e9coute.\",\"breadcrumb\":{\"@id\":\"http:\\\/\\\/www.mct-materiaux.fr\\\/contacts\\\/#breadcrumb\"},\"inLanguage\":\"fr-FR\",\"potentialAction\":[{\"@type\":\"ReadAction\",\"target\":[\"http:\\\/\\\/www.mct-materiaux.fr\\\/contacts\\\/\"]}]},{\"@type\":\"BreadcrumbList\",\"@id\":\"http:\\\/\\\/www.mct-materiaux.fr\\\/contacts\\\/#breadcrumb\",\"itemListElement\":[{\"@type\":\"ListItem\",\"position\":1,\"name\":\"Accueil\",\"item\":\"http:\\\/\\\/www.mct-materiaux.fr\\\/\"},{\"@type\":\"ListItem\",\"position\":2,\"name\":\"Contacts\"}]},{\"@type\":\"WebSite\",\"@id\":\"http:\\\/\\\/www.mct-materiaux.fr\\\/#website\",\"url\":\"http:\\\/\\\/www.mct-materiaux.fr\\\/\",\"name\":\"WordPress\",\"description\":\"\",\"potentialAction\":[{\"@type\":\"SearchAction\",\"target\":{\"@type\":\"EntryPoint\",\"urlTemplate\":\"http:\\\/\\\/www.mct-materiaux.fr\\\/?s={search_term_string}\"},\"query-input\":{\"@type\":\"PropertyValueSpecification\",\"valueRequired\":true,\"valueName\":\"search_term_string\"}}],\"inLanguage\":\"fr-FR\"}]}<\/script>\n<!-- \/ Yoast SEO plugin. -->","yoast_head_json":{"title":"Contacts - WordPress","description":"Contactez MCT pour vos projets de construction, r\u00e9novation et am\u00e9nagement en \u00cele-de-France. Notre \u00e9quipe est \u00e0 votre \u00e9coute.","robots":{"index":"index","follow":"follow","max-snippet":"max-snippet:-1","max-image-preview":"max-image-preview:large","max-video-preview":"max-video-preview:-1"},"canonical":"http:\/\/www.mct-materiaux.fr\/contacts\/","og_locale":"fr_FR","og_type":"article","og_title":"Contacts - WordPress","og_description":"Contactez MCT pour vos projets de construction, r\u00e9novation et am\u00e9nagement en \u00cele-de-France. Notre \u00e9quipe est \u00e0 votre \u00e9coute.","og_url":"http:\/\/www.mct-materiaux.fr\/contacts\/","og_site_name":"WordPress","twitter_card":"summary_large_image","schema":{"@context":"https:\/\/schema.org","@graph":[{"@type":"WebPage","@id":"http:\/\/www.mct-materiaux.fr\/contacts\/","url":"http:\/\/www.mct-materiaux.fr\/contacts\/","name":"Contacts - WordPress","isPartOf":{"@id":"http:\/\/www.mct-materiaux.fr\/#website"},"datePublished":"2025-09-03T14:28:17+00:00","description":"Contactez MCT pour vos projets de construction, r\u00e9novation et am\u00e9nagement en \u00cele-de-France. Notre \u00e9quipe est \u00e0 votre \u00e9coute.","breadcrumb":{"@id":"http:\/\/www.mct-materiaux.fr\/contacts\/#breadcrumb"},"inLanguage":"fr-FR","potentialAction":[{"@type":"ReadAction","target":["http:\/\/www.mct-materiaux.fr\/contacts\/"]}]},{"@type":"BreadcrumbList","@id":"http:\/\/www.mct-materiaux.fr\/contacts\/#breadcrumb","itemListElement":[{"@type":"ListItem","position":1,"name":"Accueil","item":"http:\/\/www.mct-materiaux.fr\/"},{"@type":"ListItem","position":2,"name":"Contacts"}]},{"@type":"WebSite","@id":"http:\/\/www.mct-materiaux.fr\/#website","url":"http:\/\/www.mct-materiaux.fr\/","name":"WordPress","description":"","potentialAction":[{"@type":"SearchAction","target":{"@type":"EntryPoint","urlTemplate":"http:\/\/www.mct-materiaux.fr\/?s={search_term_string}"},"query-input":{"@type":"PropertyValueSpecification","valueRequired":true,"valueName":"search_term_string"}}],"inLanguage":"fr-FR"}]}},"_links":{"self":[{"href":"http:\/\/www.mct-materiaux.fr\/index.php\/wp-json\/wp\/v2\/pages\/12","targetHints":{"allow":["GET"]}}],"collection":[{"href":"http:\/\/www.mct-materiaux.fr\/index.php\/wp-json\/wp\/v2\/pages"}],"about":[{"href":"http:\/\/www.mct-materiaux.fr\/index.php\/wp-json\/wp\/v2\/types\/page"}],"author":[{"embeddable":true,"href":"http:\/\/www.mct-materiaux.fr\/index.php\/wp-json\/wp\/v2\/users\/1"}],"replies":[{"embeddable":true,"href":"http:\/\/www.mct-materiaux.fr\/index.php\/wp-json\/wp\/v2\/comments?post=12"}],"version-history":[{"count":0,"href":"http:\/\/www.mct-materiaux.fr\/index.php\/wp-json\/wp\/v2\/pages\/12\/revisions"}],"wp:attachment":[{"href":"http:\/\/www.mct-materiaux.fr\/index.php\/wp-json\/wp\/v2\/media?parent=12"}],"curies":[{"name":"wp","href":"https:\/\/api.w.org\/{rel}","templated":true}]}}