{"id":10,"date":"2025-09-03T14:28:00","date_gmt":"2025-09-03T14:28:00","guid":{"rendered":"https:\/\/mct.sitenostudio.com\/?page_id=10"},"modified":"2025-09-28T23:33:32","modified_gmt":"2025-09-28T21:33:32","slug":"services","status":"publish","type":"page","link":"http:\/\/www.mct-materiaux.fr\/services\/","title":{"rendered":"Services"},"content":{"rendered":"<section class=\"services \">\n    <div class=\"container mx-auto md:px-8 px-5 pt-44 pb-28\">\n        <div class=\"lg:w-1\/2 mx-auto flex flex-col items-center text-center gap-5\" data-aos=\"fade-up\" data-aos-duration=\"2000\">\n                        <h1 class=\"tag text-[--c_233983]\">Nos services<\/h1>\n            <h2>\u00c0 chaque \u00e9tape de votre chantier, nous mettons \u00e0 votre disposition nos produits et notre savoir-faire.<\/h2>\n                    <\/div>\n        <div class=\"xl:w-5\/6 grid w-full mx-auto gap-5 grid-cols-2 pt-20 md:grid-cols-3 \" data-aos=\"fade-up\" data-aos-duration=\"2000\">\n                            <div class=\"rounded-2xl flex-shrink-0 border border-[--c_E3E5EF] relative box-services overflow-hidden\">\n                    <img decoding=\"async\" class=\"object-cover h-full w-full\" src=\"http:\/\/mct.sitenostudio.com\/wp-content\/uploads\/2025\/09\/photo-1582540730843-f4418d96ccbe-1-1.png\" alt=\"MCT - Mat\u00e9riaux de construction - Ma\u00e7onnerie,\u00a0 Gros-oeuvre\">\n                    <div class=\"absolute bottom-0 w-full bg-white\">\n                        <div class=\"relative\">\n                                                        <div class=\"absolute icon-filter left-1\/2 -translate-x-1\/2\">\n                                <img decoding=\"async\" src=\"https:\/\/mct.sitenostudio.com\/wp-content\/uploads\/2025\/09\/Vector-1.png\" alt=\"\">\n                            <\/div>\n                                                    \n                            <h3 class=\" px-5 md:pt-12 md:pb-7 pb-4 pt-10  text-center \">Ma\u00e7onnerie, <br>Gros-oeuvre<\/h3>\n                        <\/div>\n                    <\/div>\n                <\/div>\n                            <div class=\"rounded-2xl flex-shrink-0 border border-[--c_E3E5EF] relative box-services overflow-hidden\">\n                    <img decoding=\"async\" class=\"object-cover h-full w-full\" src=\"http:\/\/mct.sitenostudio.com\/wp-content\/uploads\/2025\/09\/photo-1582540730843-f4418d96ccbe-1-3.png\" alt=\"Charpente, Couverture\u00a0\">\n                    <div class=\"absolute bottom-0 w-full bg-white\">\n                        <div class=\"relative\">\n                                                        <div class=\"absolute icon-filter left-1\/2 -translate-x-1\/2\">\n                                <img decoding=\"async\" src=\"http:\/\/mct.sitenostudio.com\/wp-content\/uploads\/2025\/09\/Vector.png\" alt=\"Charpente, Couverture\u00a0Icon\">\n                            <\/div>\n                                                    \n                            <h3 class=\" px-5 md:pt-12 md:pb-7 pb-4 pt-10  text-center \">Charpente, <br>Couverture\u00a0<\/h3>\n                        <\/div>\n                    <\/div>\n                <\/div>\n                            <div class=\"rounded-2xl flex-shrink-0 border border-[--c_E3E5EF] relative box-services overflow-hidden\">\n                    <img decoding=\"async\" class=\"object-cover h-full w-full\" src=\"http:\/\/mct.sitenostudio.com\/wp-content\/uploads\/2025\/09\/photo-1543525324-268116894cd9-2.png\" alt=\"R\u00e9novation \u00c9nerg\u00e9tique\u00a0\">\n                    <div class=\"absolute bottom-0 w-full bg-white\">\n                        <div class=\"relative\">\n                                                        <div class=\"absolute icon-filter left-1\/2 -translate-x-1\/2\">\n                                <img decoding=\"async\" src=\"http:\/\/mct.sitenostudio.com\/wp-content\/uploads\/2025\/09\/Vector-1-1.png\" alt=\"R\u00e9novation \u00c9nerg\u00e9tique\u00a0Icon\">\n                            <\/div>\n                                                    \n                            <h3 class=\" px-5 md:pt-12 md:pb-7 pb-4 pt-10  text-center \">R\u00e9novation <br>\u00c9nerg\u00e9tique\u00a0<\/h3>\n                        <\/div>\n                    <\/div>\n                <\/div>\n                            <div class=\"rounded-2xl flex-shrink-0 border border-[--c_E3E5EF] relative box-services overflow-hidden\">\n                    <img decoding=\"async\" class=\"object-cover h-full w-full\" src=\"http:\/\/mct.sitenostudio.com\/wp-content\/uploads\/2025\/09\/photo-1543525324-26e03b510586-2.png\" alt=\"Pl\u00e2trerie, Isolation\">\n                    <div class=\"absolute bottom-0 w-full bg-white\">\n                        <div class=\"relative\">\n                                                        <div class=\"absolute icon-filter left-1\/2 -translate-x-1\/2\">\n                                <img decoding=\"async\" src=\"http:\/\/mct.sitenostudio.com\/wp-content\/uploads\/2025\/09\/Vector-2.png\" alt=\"Pl\u00e2trerie, Isolation Icon\">\n                            <\/div>\n                                                    \n                            <h3 class=\" px-5 md:pt-12 md:pb-7 pb-4 pt-10  text-center \">Pl\u00e2trerie, <br>Isolation<\/h3>\n                        <\/div>\n                    <\/div>\n                <\/div>\n                            <div class=\"rounded-2xl flex-shrink-0 border border-[--c_E3E5EF] relative box-services overflow-hidden\">\n                    <img decoding=\"async\" class=\"object-cover h-full w-full\" src=\"https:\/\/mct.sitenostudio.com\/wp-content\/uploads\/2025\/09\/photo-1516962080544-eac695c93791-1.png\" alt=\"\">\n                    <div class=\"absolute bottom-0 w-full bg-white\">\n                        <div class=\"relative\">\n                                                        <div class=\"absolute icon-filter left-1\/2 -translate-x-1\/2\">\n                                <img decoding=\"async\" src=\"http:\/\/mct.sitenostudio.com\/wp-content\/uploads\/2025\/09\/Vector-3.png\" alt=\"Am\u00e9nagements Ext\u00e9rieurs Icon\">\n                            <\/div>\n                                                    \n                            <h3 class=\" px-5 md:pt-12 md:pb-7 pb-4 pt-10  text-center \">Am\u00e9nagements <br>Ext\u00e9rieurs<\/h3>\n                        <\/div>\n                    <\/div>\n                <\/div>\n                            <div class=\"rounded-2xl flex-shrink-0 border border-[--c_E3E5EF] relative box-services overflow-hidden\">\n                    <img decoding=\"async\" class=\"object-cover h-full w-full\" src=\"https:\/\/mct.sitenostudio.com\/wp-content\/uploads\/2025\/09\/photo-1513467535987-fd81bc7d62f8-2.png\" alt=\"\">\n                    <div class=\"absolute bottom-0 w-full bg-white\">\n                        <div class=\"relative\">\n                                                        <div class=\"absolute icon-filter left-1\/2 -translate-x-1\/2\">\n                                <img decoding=\"async\" src=\"http:\/\/mct.sitenostudio.com\/wp-content\/uploads\/2025\/09\/Vector-4.png\" alt=\"Outils, \u00c9quipements, Quincaillerie\u00a0Icon\">\n                            <\/div>\n                                                    \n                            <h3 class=\" px-5 md:pt-12 md:pb-7 pb-4 pt-10  text-center \">Outils, <br>\u00c9quipements\u00a0<\/h3>\n                        <\/div>\n                    <\/div>\n                <\/div>\n                    <\/div>\n            <\/div>\n<\/section>\n\n\n<section class=\"cta-to-page panel \"  data-color=\"white\">\n\n    <div class=\"container mx-auto md:px-8 px-5 relative pb-28\" data-aos=\"fade-up\" data-aos-duration=\"2000\">\n        <div class=\"xl:w-5\/6 w-full mx-auto relative text-white\">\n                        <img decoding=\"async\" src=\"https:\/\/mct.sitenostudio.com\/wp-content\/uploads\/2025\/09\/portrait-of-an-employee-of-a-construction-warehouse-arms-crossed-with-confident-expression-placed-on-the-right-side-of-the-picture-with-a-plain-background.jpg\" class=\"absolute object-cover w-full h-full rounded-2xl\" alt=\"\">\n                        <div class=\"flex flex-col md:flex-row md:gap-10 md:p-28 p-10 z-10 h-full relative\">\n                <div class=\"md:w-1\/2 flex flex-col gap-5 justify-center items-start\">\n                    <h2 class=\"tag text-[--c_FF5800]\">Contacts<\/h2>\n                    <div class=\"flex flex-col gap-2\">\n                        <h3>Besoin de mat\u00e9riaux qualitatifs pour vos projets de r\u00e9novations ? <\/h3>\n                                            <\/div>\n                                        <div>\n                        <a class='btn btn-secondary-blue' href=\"\/contacts\" >\n                            Contactez-nous                            <svg xmlns=\"http:\/\/www.w3.org\/2000\/svg\" width=\"32\" height=\"32\" viewBox=\"0 0 32 32\" fill=\"none\">\n                            <path opacity=\"0.3\" d=\"M16 0C7.16344 0 0 7.16344 0 16C0 24.8366 7.16344 32 16 32C24.8366 32 32 24.8366 32 16C32 7.16344 24.8366 0 16 0Z\" fill=\"white\"\/>\n                            <path d=\"M12 9L20 16.1097L12 23\" stroke=\"currentColor\" stroke-width=\"2\"\/>\n                            <\/svg>\n                        <\/a>\n                    <\/div>\n                                    <\/div>    \n                <div class=\"md:w-1\/2\"><\/div>  \n            <\/div>\n                 \n        <\/div> \n    <\/div>\n<\/section>","protected":false},"excerpt":{"rendered":"","protected":false},"author":1,"featured_media":0,"parent":0,"menu_order":0,"comment_status":"closed","ping_status":"closed","template":"","meta":{"_acf_changed":false,"footnotes":""},"class_list":["post-10","page","type-page","status-publish","hentry"],"acf":[],"yoast_head":"<!-- This site is optimized with the Yoast SEO plugin v27.4 - https:\/\/yoast.com\/product\/yoast-seo-wordpress\/ -->\n<title>Services - WordPress \u00cele-de-France<\/title>\n<meta name=\"description\" content=\"MCT fournit mat\u00e9riaux et solutions en IDF : ma\u00e7onnerie, gros-\u0153uvre, couverture, isolation, r\u00e9novation \u00e9nerg\u00e9tique et am\u00e9nagements ext\u00e9rieurs.\" \/>\n<meta name=\"robots\" content=\"index, follow, max-snippet:-1, max-image-preview:large, max-video-preview:-1\" \/>\n<link rel=\"canonical\" href=\"http:\/\/www.mct-materiaux.fr\/services\/\" \/>\n<meta property=\"og:locale\" content=\"fr_FR\" \/>\n<meta property=\"og:type\" content=\"article\" \/>\n<meta property=\"og:title\" content=\"Services - WordPress \u00cele-de-France\" \/>\n<meta property=\"og:description\" content=\"MCT fournit mat\u00e9riaux et solutions en IDF : ma\u00e7onnerie, gros-\u0153uvre, couverture, isolation, r\u00e9novation \u00e9nerg\u00e9tique et am\u00e9nagements ext\u00e9rieurs.\" \/>\n<meta property=\"og:url\" content=\"http:\/\/www.mct-materiaux.fr\/services\/\" \/>\n<meta property=\"og:site_name\" content=\"WordPress\" \/>\n<meta property=\"article:modified_time\" content=\"2025-09-28T21:33:32+00:00\" \/>\n<meta name=\"twitter:card\" content=\"summary_large_image\" \/>\n<script type=\"application\/ld+json\" class=\"yoast-schema-graph\">{\"@context\":\"https:\\\/\\\/schema.org\",\"@graph\":[{\"@type\":\"WebPage\",\"@id\":\"http:\\\/\\\/www.mct-materiaux.fr\\\/services\\\/\",\"url\":\"http:\\\/\\\/www.mct-materiaux.fr\\\/services\\\/\",\"name\":\"Services - WordPress \u00cele-de-France\",\"isPartOf\":{\"@id\":\"http:\\\/\\\/www.mct-materiaux.fr\\\/#website\"},\"datePublished\":\"2025-09-03T14:28:00+00:00\",\"dateModified\":\"2025-09-28T21:33:32+00:00\",\"description\":\"MCT fournit mat\u00e9riaux et solutions en IDF : ma\u00e7onnerie, gros-\u0153uvre, couverture, isolation, r\u00e9novation \u00e9nerg\u00e9tique et am\u00e9nagements ext\u00e9rieurs.\",\"breadcrumb\":{\"@id\":\"http:\\\/\\\/www.mct-materiaux.fr\\\/services\\\/#breadcrumb\"},\"inLanguage\":\"fr-FR\",\"potentialAction\":[{\"@type\":\"ReadAction\",\"target\":[\"http:\\\/\\\/www.mct-materiaux.fr\\\/services\\\/\"]}]},{\"@type\":\"BreadcrumbList\",\"@id\":\"http:\\\/\\\/www.mct-materiaux.fr\\\/services\\\/#breadcrumb\",\"itemListElement\":[{\"@type\":\"ListItem\",\"position\":1,\"name\":\"Accueil\",\"item\":\"http:\\\/\\\/www.mct-materiaux.fr\\\/\"},{\"@type\":\"ListItem\",\"position\":2,\"name\":\"Services\"}]},{\"@type\":\"WebSite\",\"@id\":\"http:\\\/\\\/www.mct-materiaux.fr\\\/#website\",\"url\":\"http:\\\/\\\/www.mct-materiaux.fr\\\/\",\"name\":\"WordPress\",\"description\":\"\",\"potentialAction\":[{\"@type\":\"SearchAction\",\"target\":{\"@type\":\"EntryPoint\",\"urlTemplate\":\"http:\\\/\\\/www.mct-materiaux.fr\\\/?s={search_term_string}\"},\"query-input\":{\"@type\":\"PropertyValueSpecification\",\"valueRequired\":true,\"valueName\":\"search_term_string\"}}],\"inLanguage\":\"fr-FR\"}]}<\/script>\n<!-- \/ Yoast SEO plugin. -->","yoast_head_json":{"title":"Services - WordPress \u00cele-de-France","description":"MCT fournit mat\u00e9riaux et solutions en IDF : ma\u00e7onnerie, gros-\u0153uvre, couverture, isolation, r\u00e9novation \u00e9nerg\u00e9tique et am\u00e9nagements ext\u00e9rieurs.","robots":{"index":"index","follow":"follow","max-snippet":"max-snippet:-1","max-image-preview":"max-image-preview:large","max-video-preview":"max-video-preview:-1"},"canonical":"http:\/\/www.mct-materiaux.fr\/services\/","og_locale":"fr_FR","og_type":"article","og_title":"Services - WordPress \u00cele-de-France","og_description":"MCT fournit mat\u00e9riaux et solutions en IDF : ma\u00e7onnerie, gros-\u0153uvre, couverture, isolation, r\u00e9novation \u00e9nerg\u00e9tique et am\u00e9nagements ext\u00e9rieurs.","og_url":"http:\/\/www.mct-materiaux.fr\/services\/","og_site_name":"WordPress","article_modified_time":"2025-09-28T21:33:32+00:00","twitter_card":"summary_large_image","schema":{"@context":"https:\/\/schema.org","@graph":[{"@type":"WebPage","@id":"http:\/\/www.mct-materiaux.fr\/services\/","url":"http:\/\/www.mct-materiaux.fr\/services\/","name":"Services - WordPress \u00cele-de-France","isPartOf":{"@id":"http:\/\/www.mct-materiaux.fr\/#website"},"datePublished":"2025-09-03T14:28:00+00:00","dateModified":"2025-09-28T21:33:32+00:00","description":"MCT fournit mat\u00e9riaux et solutions en IDF : ma\u00e7onnerie, gros-\u0153uvre, couverture, isolation, r\u00e9novation \u00e9nerg\u00e9tique et am\u00e9nagements ext\u00e9rieurs.","breadcrumb":{"@id":"http:\/\/www.mct-materiaux.fr\/services\/#breadcrumb"},"inLanguage":"fr-FR","potentialAction":[{"@type":"ReadAction","target":["http:\/\/www.mct-materiaux.fr\/services\/"]}]},{"@type":"BreadcrumbList","@id":"http:\/\/www.mct-materiaux.fr\/services\/#breadcrumb","itemListElement":[{"@type":"ListItem","position":1,"name":"Accueil","item":"http:\/\/www.mct-materiaux.fr\/"},{"@type":"ListItem","position":2,"name":"Services"}]},{"@type":"WebSite","@id":"http:\/\/www.mct-materiaux.fr\/#website","url":"http:\/\/www.mct-materiaux.fr\/","name":"WordPress","description":"","potentialAction":[{"@type":"SearchAction","target":{"@type":"EntryPoint","urlTemplate":"http:\/\/www.mct-materiaux.fr\/?s={search_term_string}"},"query-input":{"@type":"PropertyValueSpecification","valueRequired":true,"valueName":"search_term_string"}}],"inLanguage":"fr-FR"}]}},"_links":{"self":[{"href":"http:\/\/www.mct-materiaux.fr\/index.php\/wp-json\/wp\/v2\/pages\/10","targetHints":{"allow":["GET"]}}],"collection":[{"href":"http:\/\/www.mct-materiaux.fr\/index.php\/wp-json\/wp\/v2\/pages"}],"about":[{"href":"http:\/\/www.mct-materiaux.fr\/index.php\/wp-json\/wp\/v2\/types\/page"}],"author":[{"embeddable":true,"href":"http:\/\/www.mct-materiaux.fr\/index.php\/wp-json\/wp\/v2\/users\/1"}],"replies":[{"embeddable":true,"href":"http:\/\/www.mct-materiaux.fr\/index.php\/wp-json\/wp\/v2\/comments?post=10"}],"version-history":[{"count":1,"href":"http:\/\/www.mct-materiaux.fr\/index.php\/wp-json\/wp\/v2\/pages\/10\/revisions"}],"predecessor-version":[{"id":83,"href":"http:\/\/www.mct-materiaux.fr\/index.php\/wp-json\/wp\/v2\/pages\/10\/revisions\/83"}],"wp:attachment":[{"href":"http:\/\/www.mct-materiaux.fr\/index.php\/wp-json\/wp\/v2\/media?parent=10"}],"curies":[{"name":"wp","href":"https:\/\/api.w.org\/{rel}","templated":true}]}}